{"id":262,"date":"2020-10-01T12:22:11","date_gmt":"2020-10-01T10:22:11","guid":{"rendered":"https:\/\/qi6.qodeinteractive.com\/home-copy\/"},"modified":"2025-12-02T19:50:42","modified_gmt":"2025-12-02T18:50:42","slug":"faire-un-don","status":"publish","type":"page","link":"https:\/\/lamarelle-asbl.be\/index.php\/faire-un-don\/","title":{"rendered":"Soutien"},"content":{"rendered":"\t\t<div data-elementor-type=\"wp-page\" data-elementor-id=\"262\" class=\"elementor elementor-262\">\n\t\t\t\t\t\t<section class=\"elementor-section elementor-top-section elementor-element elementor-element-3bfb049d elementor-section-stretched elementor-section-boxed elementor-section-height-default elementor-section-height-default qodef-elementor-content-no\" data-id=\"3bfb049d\" data-element_type=\"section\" data-e-type=\"section\" id=\"plans\" data-settings=\"{&quot;background_background&quot;:&quot;classic&quot;,&quot;shape_divider_top&quot;:&quot;waves&quot;,&quot;shape_divider_top_negative&quot;:&quot;yes&quot;,&quot;stretch_section&quot;:&quot;section-stretched&quot;}\">\n\t\t\t\t\t<div class=\"elementor-shape elementor-shape-top\" aria-hidden=\"true\" data-negative=\"true\">\n\t\t\t<svg xmlns=\"http:\/\/www.w3.org\/2000\/svg\" viewBox=\"0 0 1000 100\" preserveAspectRatio=\"none\">\n\t<path class=\"elementor-shape-fill\" d=\"M790.5,93.1c-59.3-5.3-116.8-18-192.6-50c-29.6-12.7-76.9-31-100.5-35.9c-23.6-4.9-52.6-7.8-75.5-5.3\n\tc-10.2,1.1-22.6,1.4-50.1,7.4c-27.2,6.3-58.2,16.6-79.4,24.7c-41.3,15.9-94.9,21.9-134,22.6C72,58.2,0,25.8,0,25.8V100h1000V65.3\n\tc0,0-51.5,19.4-106.2,25.7C839.5,97,814.1,95.2,790.5,93.1z\"\/>\n<\/svg>\t\t<\/div>\n\t\t\t\t\t<div class=\"elementor-container elementor-column-gap-default\">\n\t\t\t\t\t<div class=\"elementor-column elementor-col-100 elementor-top-column elementor-element elementor-element-379b25de\" data-id=\"379b25de\" data-element_type=\"column\" data-e-type=\"column\">\n\t\t\t<div class=\"elementor-widget-wrap elementor-element-populated\">\n\t\t\t\t\t\t<section class=\"elementor-section elementor-inner-section elementor-element elementor-element-b67d238 elementor-section-content-middle elementor-section-boxed elementor-section-height-default elementor-section-height-default qodef-elementor-content-no\" data-id=\"b67d238\" data-element_type=\"section\" data-e-type=\"section\" data-settings=\"{&quot;animation&quot;:&quot;none&quot;}\">\n\t\t\t\t\t\t<div class=\"elementor-container elementor-column-gap-default\">\n\t\t\t\t\t<div class=\"elementor-column elementor-col-50 elementor-inner-column elementor-element elementor-element-9ff5b10\" data-id=\"9ff5b10\" data-element_type=\"column\" data-e-type=\"column\">\n\t\t\t<div class=\"elementor-widget-wrap elementor-element-populated\">\n\t\t\t\t\t\t<div class=\"elementor-element elementor-element-f7b9d9f elementor-widget elementor-widget-image\" data-id=\"f7b9d9f\" data-element_type=\"widget\" data-e-type=\"widget\" data-settings=\"{&quot;_animation&quot;:&quot;none&quot;}\" data-widget_type=\"image.default\">\n\t\t\t\t<div class=\"elementor-widget-container\">\n\t\t\t\t\t\t\t\t\t\t\t\t\t\t\t<img fetchpriority=\"high\" decoding=\"async\" width=\"1024\" height=\"1024\" src=\"https:\/\/lamarelle-asbl.be\/wp-content\/uploads\/2024\/05\/Design-sans-titre-11-modified-1-1024x1024.png\" class=\"attachment-large size-large wp-image-2977\" alt=\"\" srcset=\"https:\/\/lamarelle-asbl.be\/wp-content\/uploads\/2024\/05\/Design-sans-titre-11-modified-1-1024x1024.png 1024w, https:\/\/lamarelle-asbl.be\/wp-content\/uploads\/2024\/05\/Design-sans-titre-11-modified-1-300x300.png 300w, https:\/\/lamarelle-asbl.be\/wp-content\/uploads\/2024\/05\/Design-sans-titre-11-modified-1-150x150.png 150w, https:\/\/lamarelle-asbl.be\/wp-content\/uploads\/2024\/05\/Design-sans-titre-11-modified-1-768x768.png 768w, https:\/\/lamarelle-asbl.be\/wp-content\/uploads\/2024\/05\/Design-sans-titre-11-modified-1-144x144.png 144w, https:\/\/lamarelle-asbl.be\/wp-content\/uploads\/2024\/05\/Design-sans-titre-11-modified-1-650x650.png 650w, https:\/\/lamarelle-asbl.be\/wp-content\/uploads\/2024\/05\/Design-sans-titre-11-modified-1.png 1080w\" sizes=\"(max-width: 1024px) 100vw, 1024px\" \/>\t\t\t\t\t\t\t\t\t\t\t\t\t\t\t<\/div>\n\t\t\t\t<\/div>\n\t\t\t\t\t<\/div>\n\t\t<\/div>\n\t\t\t\t<div class=\"elementor-column elementor-col-50 elementor-inner-column elementor-element elementor-element-e27e4ba\" data-id=\"e27e4ba\" data-element_type=\"column\" data-e-type=\"column\" data-settings=\"{&quot;animation&quot;:&quot;none&quot;}\">\n\t\t\t<div class=\"elementor-widget-wrap elementor-element-populated\">\n\t\t\t\t\t\t<div class=\"elementor-element elementor-element-7253ef1 animated-slow elementor-widget elementor-widget-heading\" data-id=\"7253ef1\" data-element_type=\"widget\" data-e-type=\"widget\" data-settings=\"{&quot;_animation&quot;:&quot;none&quot;}\" data-widget_type=\"heading.default\">\n\t\t\t\t<div class=\"elementor-widget-container\">\n\t\t\t\t\t<h2 class=\"elementor-heading-title elementor-size-default\">Votre soutien nous est pr\u00e9cieux<\/h2>\t\t\t\t<\/div>\n\t\t\t\t<\/div>\n\t\t\t\t<div class=\"elementor-element elementor-element-66bc43e animated-slow elementor-widget elementor-widget-heading\" data-id=\"66bc43e\" data-element_type=\"widget\" data-e-type=\"widget\" data-settings=\"{&quot;_animation&quot;:&quot;none&quot;,&quot;_animation_delay&quot;:200}\" data-widget_type=\"heading.default\">\n\t\t\t\t<div class=\"elementor-widget-container\">\n\t\t\t\t\t<p class=\"elementor-heading-title elementor-size-default\">Soutenez la Marelle pour l'aider \u00e0 d\u00e9velopper ses projets d'int\u00e9gration et d'accompagnent !<\/p>\t\t\t\t<\/div>\n\t\t\t\t<\/div>\n\t\t\t\t<div class=\"elementor-element elementor-element-1ed6c61 animated-slow elementor-icon-list--layout-traditional elementor-list-item-link-full_width elementor-widget elementor-widget-icon-list\" data-id=\"1ed6c61\" data-element_type=\"widget\" data-e-type=\"widget\" data-settings=\"{&quot;_animation&quot;:&quot;none&quot;}\" data-widget_type=\"icon-list.default\">\n\t\t\t\t<div class=\"elementor-widget-container\">\n\t\t\t\t\t\t\t<ul class=\"elementor-icon-list-items\">\n\t\t\t\t\t\t\t<li class=\"elementor-icon-list-item\">\n\t\t\t\t\t\t\t\t\t\t\t<span class=\"elementor-icon-list-icon\">\n\t\t\t\t\t\t\t<i aria-hidden=\"true\" class=\"fas fa-credit-card\"><\/i>\t\t\t\t\t\t<\/span>\n\t\t\t\t\t\t\t\t\t\t<span class=\"elementor-icon-list-text\">BE94 1262 1147 3814<\/span>\n\t\t\t\t\t\t\t\t\t<\/li>\n\t\t\t\t\t\t<\/ul>\n\t\t\t\t\t\t<\/div>\n\t\t\t\t<\/div>\n\t\t\t\t<div class=\"elementor-element elementor-element-64fe9c3 animated-slow elementor-widget__width-initial elementor-widget elementor-widget-heading\" data-id=\"64fe9c3\" data-element_type=\"widget\" data-e-type=\"widget\" data-settings=\"{&quot;_animation&quot;:&quot;none&quot;,&quot;_animation_delay&quot;:200}\" data-widget_type=\"heading.default\">\n\t\t\t\t<div class=\"elementor-widget-container\">\n\t\t\t\t\t<p class=\"elementor-heading-title elementor-size-default\">L'ASBL La Marelle b\u00e9n\u00e9ficie de l'exon\u00e9ration fiscale.\nTout don donne lieu \u00e0 une r\u00e9duction d\u2019imp\u00f4ts pouvant atteindre 45% de la lib\u00e9ralit\u00e9 effectu\u00e9e ( avec attestation fiscale)\n<\/p>\t\t\t\t<\/div>\n\t\t\t\t<\/div>\n\t\t\t\t\t<\/div>\n\t\t<\/div>\n\t\t\t\t\t<\/div>\n\t\t<\/section>\n\t\t\t\t\t<\/div>\n\t\t<\/div>\n\t\t\t\t\t<\/div>\n\t\t<\/section>\n\t\t\t\t<\/div>\n\t\t","protected":false},"excerpt":{"rendered":"<p>Votre soutien nous est pr\u00e9cieux Soutenez la Marelle pour l&rsquo;aider \u00e0 d\u00e9velopper ses projets d&rsquo;int\u00e9gration et d&rsquo;accompagnent ! BE94 1262 1147 3814 L&rsquo;ASBL La Marelle b\u00e9n\u00e9ficie de l&rsquo;exon\u00e9ration fiscale. Tout don donne lieu \u00e0 une r\u00e9duction d\u2019imp\u00f4ts pouvant atteindre 45% de la lib\u00e9ralit\u00e9 effectu\u00e9e ( avec attestation fiscale)<\/p>\n","protected":false},"author":1,"featured_media":0,"parent":0,"menu_order":0,"comment_status":"closed","ping_status":"closed","template":"","meta":{"_eb_attr":"","neve_meta_sidebar":"","neve_meta_container":"","neve_meta_enable_content_width":"","neve_meta_content_width":0,"neve_meta_title_alignment":"","neve_meta_author_avatar":"","neve_post_elements_order":"","neve_meta_disable_header":"","neve_meta_disable_footer":"","neve_meta_disable_title":"on","footnotes":""},"class_list":["post-262","page","type-page","status-publish","hentry"],"yoast_head":"<!-- This site is optimized with the Yoast SEO plugin v27.5 - https:\/\/yoast.com\/product\/yoast-seo-wordpress\/ -->\n<title>La Marelle asbl<\/title>\n<meta name=\"description\" content=\"Faire un don, votre soutien nous est pr\u00e9cieux. Soutenez la Marelle pour l&#039;aider \u00e0 d\u00e9velopper ses projets d&#039;int\u00e9gration et d&#039;accompagnent\" \/>\n<meta name=\"robots\" content=\"index, follow, max-snippet:-1, max-image-preview:large, max-video-preview:-1\" \/>\n<link rel=\"canonical\" href=\"https:\/\/lamarelle-asbl.be\/index.php\/faire-un-don\/\" \/>\n<meta property=\"og:locale\" content=\"fr_FR\" \/>\n<meta property=\"og:type\" content=\"article\" \/>\n<meta property=\"og:title\" content=\"La Marelle asbl\" \/>\n<meta property=\"og:description\" content=\"Faire un don, votre soutien nous est pr\u00e9cieux. Soutenez la Marelle pour l&#039;aider \u00e0 d\u00e9velopper ses projets d&#039;int\u00e9gration et d&#039;accompagnent\" \/>\n<meta property=\"og:url\" content=\"https:\/\/lamarelle-asbl.be\/index.php\/faire-un-don\/\" \/>\n<meta property=\"og:site_name\" content=\"La Marelle asbl\" \/>\n<meta property=\"article:modified_time\" content=\"2025-12-02T18:50:42+00:00\" \/>\n<meta property=\"og:image\" content=\"https:\/\/lamarelle-asbl.be\/wp-content\/uploads\/2024\/05\/Design-sans-titre-11-modified-1-1024x1024.png\" \/>\n<meta name=\"twitter:card\" content=\"summary_large_image\" \/>\n<meta name=\"twitter:label1\" content=\"Dur\u00e9e de lecture estim\u00e9e\" \/>\n\t<meta name=\"twitter:data1\" content=\"1 minute\" \/>\n<script type=\"application\/ld+json\" class=\"yoast-schema-graph\">{\"@context\":\"https:\\\/\\\/schema.org\",\"@graph\":[{\"@type\":\"WebPage\",\"@id\":\"https:\\\/\\\/lamarelle-asbl.be\\\/index.php\\\/faire-un-don\\\/\",\"url\":\"https:\\\/\\\/lamarelle-asbl.be\\\/index.php\\\/faire-un-don\\\/\",\"name\":\"La Marelle asbl\",\"isPartOf\":{\"@id\":\"https:\\\/\\\/lamarelle-asbl.be\\\/#website\"},\"primaryImageOfPage\":{\"@id\":\"https:\\\/\\\/lamarelle-asbl.be\\\/index.php\\\/faire-un-don\\\/#primaryimage\"},\"image\":{\"@id\":\"https:\\\/\\\/lamarelle-asbl.be\\\/index.php\\\/faire-un-don\\\/#primaryimage\"},\"thumbnailUrl\":\"https:\\\/\\\/lamarelle-asbl.be\\\/wp-content\\\/uploads\\\/2024\\\/05\\\/Design-sans-titre-11-modified-1-1024x1024.png\",\"datePublished\":\"2020-10-01T10:22:11+00:00\",\"dateModified\":\"2025-12-02T18:50:42+00:00\",\"description\":\"Faire un don, votre soutien nous est pr\u00e9cieux. Soutenez la Marelle pour l'aider \u00e0 d\u00e9velopper ses projets d'int\u00e9gration et d'accompagnent\",\"breadcrumb\":{\"@id\":\"https:\\\/\\\/lamarelle-asbl.be\\\/index.php\\\/faire-un-don\\\/#breadcrumb\"},\"inLanguage\":\"fr-FR\",\"potentialAction\":[{\"@type\":\"ReadAction\",\"target\":[\"https:\\\/\\\/lamarelle-asbl.be\\\/index.php\\\/faire-un-don\\\/\"]}]},{\"@type\":\"ImageObject\",\"inLanguage\":\"fr-FR\",\"@id\":\"https:\\\/\\\/lamarelle-asbl.be\\\/index.php\\\/faire-un-don\\\/#primaryimage\",\"url\":\"https:\\\/\\\/lamarelle-asbl.be\\\/wp-content\\\/uploads\\\/2024\\\/05\\\/Design-sans-titre-11-modified-1.png\",\"contentUrl\":\"https:\\\/\\\/lamarelle-asbl.be\\\/wp-content\\\/uploads\\\/2024\\\/05\\\/Design-sans-titre-11-modified-1.png\",\"width\":1080,\"height\":1080},{\"@type\":\"BreadcrumbList\",\"@id\":\"https:\\\/\\\/lamarelle-asbl.be\\\/index.php\\\/faire-un-don\\\/#breadcrumb\",\"itemListElement\":[{\"@type\":\"ListItem\",\"position\":1,\"name\":\"Accueil\",\"item\":\"https:\\\/\\\/lamarelle-asbl.be\\\/\"},{\"@type\":\"ListItem\",\"position\":2,\"name\":\"Soutien\"}]},{\"@type\":\"WebSite\",\"@id\":\"https:\\\/\\\/lamarelle-asbl.be\\\/#website\",\"url\":\"https:\\\/\\\/lamarelle-asbl.be\\\/\",\"name\":\"La Marelle asbl\",\"description\":\"\",\"publisher\":{\"@id\":\"https:\\\/\\\/lamarelle-asbl.be\\\/#organization\"},\"potentialAction\":[{\"@type\":\"SearchAction\",\"target\":{\"@type\":\"EntryPoint\",\"urlTemplate\":\"https:\\\/\\\/lamarelle-asbl.be\\\/?s={search_term_string}\"},\"query-input\":{\"@type\":\"PropertyValueSpecification\",\"valueRequired\":true,\"valueName\":\"search_term_string\"}}],\"inLanguage\":\"fr-FR\"},{\"@type\":\"Organization\",\"@id\":\"https:\\\/\\\/lamarelle-asbl.be\\\/#organization\",\"name\":\"La Marelle ASBL\",\"url\":\"https:\\\/\\\/lamarelle-asbl.be\\\/\",\"logo\":{\"@type\":\"ImageObject\",\"inLanguage\":\"fr-FR\",\"@id\":\"https:\\\/\\\/lamarelle-asbl.be\\\/#\\\/schema\\\/logo\\\/image\\\/\",\"url\":\"https:\\\/\\\/lamarelle-asbl.be\\\/wp-content\\\/uploads\\\/2023\\\/07\\\/cropped-thumbnail_image006-e1689881175907.png\",\"contentUrl\":\"https:\\\/\\\/lamarelle-asbl.be\\\/wp-content\\\/uploads\\\/2023\\\/07\\\/cropped-thumbnail_image006-e1689881175907.png\",\"width\":392,\"height\":246,\"caption\":\"La Marelle ASBL\"},\"image\":{\"@id\":\"https:\\\/\\\/lamarelle-asbl.be\\\/#\\\/schema\\\/logo\\\/image\\\/\"}}]}<\/script>\n<!-- \/ Yoast SEO plugin. -->","yoast_head_json":{"title":"La Marelle asbl","description":"Faire un don, votre soutien nous est pr\u00e9cieux. Soutenez la Marelle pour l'aider \u00e0 d\u00e9velopper ses projets d'int\u00e9gration et d'accompagnent","robots":{"index":"index","follow":"follow","max-snippet":"max-snippet:-1","max-image-preview":"max-image-preview:large","max-video-preview":"max-video-preview:-1"},"canonical":"https:\/\/lamarelle-asbl.be\/index.php\/faire-un-don\/","og_locale":"fr_FR","og_type":"article","og_title":"La Marelle asbl","og_description":"Faire un don, votre soutien nous est pr\u00e9cieux. Soutenez la Marelle pour l'aider \u00e0 d\u00e9velopper ses projets d'int\u00e9gration et d'accompagnent","og_url":"https:\/\/lamarelle-asbl.be\/index.php\/faire-un-don\/","og_site_name":"La Marelle asbl","article_modified_time":"2025-12-02T18:50:42+00:00","og_image":[{"url":"https:\/\/lamarelle-asbl.be\/wp-content\/uploads\/2024\/05\/Design-sans-titre-11-modified-1-1024x1024.png","type":"","width":"","height":""}],"twitter_card":"summary_large_image","twitter_misc":{"Dur\u00e9e de lecture estim\u00e9e":"1 minute"},"schema":{"@context":"https:\/\/schema.org","@graph":[{"@type":"WebPage","@id":"https:\/\/lamarelle-asbl.be\/index.php\/faire-un-don\/","url":"https:\/\/lamarelle-asbl.be\/index.php\/faire-un-don\/","name":"La Marelle asbl","isPartOf":{"@id":"https:\/\/lamarelle-asbl.be\/#website"},"primaryImageOfPage":{"@id":"https:\/\/lamarelle-asbl.be\/index.php\/faire-un-don\/#primaryimage"},"image":{"@id":"https:\/\/lamarelle-asbl.be\/index.php\/faire-un-don\/#primaryimage"},"thumbnailUrl":"https:\/\/lamarelle-asbl.be\/wp-content\/uploads\/2024\/05\/Design-sans-titre-11-modified-1-1024x1024.png","datePublished":"2020-10-01T10:22:11+00:00","dateModified":"2025-12-02T18:50:42+00:00","description":"Faire un don, votre soutien nous est pr\u00e9cieux. Soutenez la Marelle pour l'aider \u00e0 d\u00e9velopper ses projets d'int\u00e9gration et d'accompagnent","breadcrumb":{"@id":"https:\/\/lamarelle-asbl.be\/index.php\/faire-un-don\/#breadcrumb"},"inLanguage":"fr-FR","potentialAction":[{"@type":"ReadAction","target":["https:\/\/lamarelle-asbl.be\/index.php\/faire-un-don\/"]}]},{"@type":"ImageObject","inLanguage":"fr-FR","@id":"https:\/\/lamarelle-asbl.be\/index.php\/faire-un-don\/#primaryimage","url":"https:\/\/lamarelle-asbl.be\/wp-content\/uploads\/2024\/05\/Design-sans-titre-11-modified-1.png","contentUrl":"https:\/\/lamarelle-asbl.be\/wp-content\/uploads\/2024\/05\/Design-sans-titre-11-modified-1.png","width":1080,"height":1080},{"@type":"BreadcrumbList","@id":"https:\/\/lamarelle-asbl.be\/index.php\/faire-un-don\/#breadcrumb","itemListElement":[{"@type":"ListItem","position":1,"name":"Accueil","item":"https:\/\/lamarelle-asbl.be\/"},{"@type":"ListItem","position":2,"name":"Soutien"}]},{"@type":"WebSite","@id":"https:\/\/lamarelle-asbl.be\/#website","url":"https:\/\/lamarelle-asbl.be\/","name":"La Marelle asbl","description":"","publisher":{"@id":"https:\/\/lamarelle-asbl.be\/#organization"},"potentialAction":[{"@type":"SearchAction","target":{"@type":"EntryPoint","urlTemplate":"https:\/\/lamarelle-asbl.be\/?s={search_term_string}"},"query-input":{"@type":"PropertyValueSpecification","valueRequired":true,"valueName":"search_term_string"}}],"inLanguage":"fr-FR"},{"@type":"Organization","@id":"https:\/\/lamarelle-asbl.be\/#organization","name":"La Marelle ASBL","url":"https:\/\/lamarelle-asbl.be\/","logo":{"@type":"ImageObject","inLanguage":"fr-FR","@id":"https:\/\/lamarelle-asbl.be\/#\/schema\/logo\/image\/","url":"https:\/\/lamarelle-asbl.be\/wp-content\/uploads\/2023\/07\/cropped-thumbnail_image006-e1689881175907.png","contentUrl":"https:\/\/lamarelle-asbl.be\/wp-content\/uploads\/2023\/07\/cropped-thumbnail_image006-e1689881175907.png","width":392,"height":246,"caption":"La Marelle ASBL"},"image":{"@id":"https:\/\/lamarelle-asbl.be\/#\/schema\/logo\/image\/"}}]}},"_links":{"self":[{"href":"https:\/\/lamarelle-asbl.be\/index.php\/wp-json\/wp\/v2\/pages\/262","targetHints":{"allow":["GET"]}}],"collection":[{"href":"https:\/\/lamarelle-asbl.be\/index.php\/wp-json\/wp\/v2\/pages"}],"about":[{"href":"https:\/\/lamarelle-asbl.be\/index.php\/wp-json\/wp\/v2\/types\/page"}],"author":[{"embeddable":true,"href":"https:\/\/lamarelle-asbl.be\/index.php\/wp-json\/wp\/v2\/users\/1"}],"replies":[{"embeddable":true,"href":"https:\/\/lamarelle-asbl.be\/index.php\/wp-json\/wp\/v2\/comments?post=262"}],"version-history":[{"count":73,"href":"https:\/\/lamarelle-asbl.be\/index.php\/wp-json\/wp\/v2\/pages\/262\/revisions"}],"predecessor-version":[{"id":3378,"href":"https:\/\/lamarelle-asbl.be\/index.php\/wp-json\/wp\/v2\/pages\/262\/revisions\/3378"}],"wp:attachment":[{"href":"https:\/\/lamarelle-asbl.be\/index.php\/wp-json\/wp\/v2\/media?parent=262"}],"curies":[{"name":"wp","href":"https:\/\/api.w.org\/{rel}","templated":true}]}}