{"id":1995,"date":"2024-02-02T13:16:42","date_gmt":"2024-02-02T12:16:42","guid":{"rendered":"https:\/\/lamarelle-asbl.be\/?page_id=1995"},"modified":"2024-04-19T20:29:44","modified_gmt":"2024-04-19T18:29:44","slug":"activites-dexpression-et-communication","status":"publish","type":"page","link":"https:\/\/lamarelle-asbl.be\/index.php\/activites-dexpression-et-communication\/","title":{"rendered":"Activit\u00e9s d\u2019expression et communication"},"content":{"rendered":"\t\t<div data-elementor-type=\"wp-page\" data-elementor-id=\"1995\" class=\"elementor elementor-1995\">\n\t\t\t\t\t\t<section class=\"elementor-section elementor-top-section elementor-element elementor-element-6d30a50b elementor-section-stretched elementor-section-boxed elementor-section-height-default elementor-section-height-default qodef-elementor-content-no\" data-id=\"6d30a50b\" data-element_type=\"section\" data-e-type=\"section\" id=\"plans\" data-settings=\"{&quot;background_background&quot;:&quot;classic&quot;,&quot;shape_divider_top&quot;:&quot;waves&quot;,&quot;shape_divider_top_negative&quot;:&quot;yes&quot;,&quot;stretch_section&quot;:&quot;section-stretched&quot;}\">\n\t\t\t\t\t<div class=\"elementor-shape elementor-shape-top\" aria-hidden=\"true\" data-negative=\"true\">\n\t\t\t<svg xmlns=\"http:\/\/www.w3.org\/2000\/svg\" viewBox=\"0 0 1000 100\" preserveAspectRatio=\"none\">\n\t<path class=\"elementor-shape-fill\" d=\"M790.5,93.1c-59.3-5.3-116.8-18-192.6-50c-29.6-12.7-76.9-31-100.5-35.9c-23.6-4.9-52.6-7.8-75.5-5.3\n\tc-10.2,1.1-22.6,1.4-50.1,7.4c-27.2,6.3-58.2,16.6-79.4,24.7c-41.3,15.9-94.9,21.9-134,22.6C72,58.2,0,25.8,0,25.8V100h1000V65.3\n\tc0,0-51.5,19.4-106.2,25.7C839.5,97,814.1,95.2,790.5,93.1z\"\/>\n<\/svg>\t\t<\/div>\n\t\t\t\t\t<div class=\"elementor-container elementor-column-gap-default\">\n\t\t\t\t\t<div class=\"elementor-column elementor-col-100 elementor-top-column elementor-element elementor-element-54070ea2\" data-id=\"54070ea2\" data-element_type=\"column\" data-e-type=\"column\">\n\t\t\t<div class=\"elementor-widget-wrap elementor-element-populated\">\n\t\t\t\t\t\t<section class=\"elementor-section elementor-inner-section elementor-element elementor-element-3888659d elementor-section-boxed elementor-section-height-default elementor-section-height-default qodef-elementor-content-no\" data-id=\"3888659d\" data-element_type=\"section\" data-e-type=\"section\">\n\t\t\t\t\t\t<div class=\"elementor-container elementor-column-gap-default\">\n\t\t\t\t\t<div class=\"elementor-column elementor-col-33 elementor-inner-column elementor-element elementor-element-66b32c3\" data-id=\"66b32c3\" data-element_type=\"column\" data-e-type=\"column\">\n\t\t\t<div class=\"elementor-widget-wrap elementor-element-populated\">\n\t\t\t\t\t\t<div class=\"elementor-element elementor-element-37a4e05 animated-slow elementor-invisible elementor-widget elementor-widget-heading\" data-id=\"37a4e05\" data-element_type=\"widget\" data-e-type=\"widget\" data-settings=\"{&quot;_animation&quot;:&quot;fadeInUp&quot;}\" data-widget_type=\"heading.default\">\n\t\t\t\t<div class=\"elementor-widget-container\">\n\t\t\t\t\t<h2 class=\"elementor-heading-title elementor-size-default\">Activit\u00e9s d\u2019expression et communication<\/h2>\t\t\t\t<\/div>\n\t\t\t\t<\/div>\n\t\t\t\t<div class=\"elementor-element elementor-element-462ee22 animated-slow elementor-invisible elementor-widget elementor-widget-heading\" data-id=\"462ee22\" data-element_type=\"widget\" data-e-type=\"widget\" data-settings=\"{&quot;_animation&quot;:&quot;fadeInUp&quot;,&quot;_animation_delay&quot;:200}\" data-widget_type=\"heading.default\">\n\t\t\t\t<div class=\"elementor-widget-container\">\n\t\t\t\t\t<p class=\"elementor-heading-title elementor-size-default\">L\u2019occasion de vivre et d\u2019exp\u00e9rimenter sa cr\u00e9ativit\u00e9 et l\u2019expression de soi \u00e0 travers le corps, le jeu, les \u00e9motions, les instruments, les histoires, les nouvelles technologies. Cr\u00e9ation au fil des saisons et des \u00e9v\u00e8nements pour aussi entretenir ses acquis et fonctions cognitives.<\/p>\t\t\t\t<\/div>\n\t\t\t\t<\/div>\n\t\t\t\t<div class=\"elementor-element elementor-element-872f8b8 animated-slow elementor-icon-list--layout-traditional elementor-list-item-link-full_width elementor-invisible elementor-widget elementor-widget-icon-list\" data-id=\"872f8b8\" data-element_type=\"widget\" data-e-type=\"widget\" data-settings=\"{&quot;_animation&quot;:&quot;fadeInUp&quot;}\" data-widget_type=\"icon-list.default\">\n\t\t\t\t<div class=\"elementor-widget-container\">\n\t\t\t\t\t\t\t<ul class=\"elementor-icon-list-items\">\n\t\t\t\t\t\t\t<li class=\"elementor-icon-list-item\">\n\t\t\t\t\t\t\t\t\t\t\t<span class=\"elementor-icon-list-icon\">\n\t\t\t\t\t\t\t<i aria-hidden=\"true\" class=\"fas fa-heart\"><\/i>\t\t\t\t\t\t<\/span>\n\t\t\t\t\t\t\t\t\t\t<span class=\"elementor-icon-list-text\">Musique<\/span>\n\t\t\t\t\t\t\t\t\t<\/li>\n\t\t\t\t\t\t\t\t<li class=\"elementor-icon-list-item\">\n\t\t\t\t\t\t\t\t\t\t\t<span class=\"elementor-icon-list-icon\">\n\t\t\t\t\t\t\t<i aria-hidden=\"true\" class=\"fas fa-heart\"><\/i>\t\t\t\t\t\t<\/span>\n\t\t\t\t\t\t\t\t\t\t<span class=\"elementor-icon-list-text\">Multim\u00e9dia <\/span>\n\t\t\t\t\t\t\t\t\t<\/li>\n\t\t\t\t\t\t\t\t<li class=\"elementor-icon-list-item\">\n\t\t\t\t\t\t\t\t\t\t\t<span class=\"elementor-icon-list-icon\">\n\t\t\t\t\t\t\t<i aria-hidden=\"true\" class=\"fas fa-heart\"><\/i>\t\t\t\t\t\t<\/span>\n\t\t\t\t\t\t\t\t\t\t<span class=\"elementor-icon-list-text\">Th\u00e9atre<\/span>\n\t\t\t\t\t\t\t\t\t<\/li>\n\t\t\t\t\t\t\t\t<li class=\"elementor-icon-list-item\">\n\t\t\t\t\t\t\t\t\t\t\t<span class=\"elementor-icon-list-icon\">\n\t\t\t\t\t\t\t<i aria-hidden=\"true\" class=\"fas fa-heart\"><\/i>\t\t\t\t\t\t<\/span>\n\t\t\t\t\t\t\t\t\t\t<span class=\"elementor-icon-list-text\">Groupe de parole<\/span>\n\t\t\t\t\t\t\t\t\t<\/li>\n\t\t\t\t\t\t\t\t<li class=\"elementor-icon-list-item\">\n\t\t\t\t\t\t\t\t\t\t\t<span class=\"elementor-icon-list-icon\">\n\t\t\t\t\t\t\t<i aria-hidden=\"true\" class=\"fas fa-heart\"><\/i>\t\t\t\t\t\t<\/span>\n\t\t\t\t\t\t\t\t\t\t<span class=\"elementor-icon-list-text\">Expression corporelle<\/span>\n\t\t\t\t\t\t\t\t\t<\/li>\n\t\t\t\t\t\t<\/ul>\n\t\t\t\t\t\t<\/div>\n\t\t\t\t<\/div>\n\t\t\t\t\t<\/div>\n\t\t<\/div>\n\t\t\t\t<div class=\"elementor-column elementor-col-33 elementor-inner-column elementor-element elementor-element-1ca5b8e2 animated-slow elementor-invisible\" data-id=\"1ca5b8e2\" data-element_type=\"column\" data-e-type=\"column\" data-settings=\"{&quot;animation&quot;:&quot;slideInUp&quot;}\">\n\t\t\t<div class=\"elementor-widget-wrap elementor-element-populated\">\n\t\t\t\t\t\t<div class=\"elementor-element elementor-element-41b13b51 elementor-widget elementor-widget-image\" data-id=\"41b13b51\" data-element_type=\"widget\" data-e-type=\"widget\" data-widget_type=\"image.default\">\n\t\t\t\t<div class=\"elementor-widget-container\">\n\t\t\t\t\t\t\t\t\t\t\t\t\t\t\t<img fetchpriority=\"high\" decoding=\"async\" width=\"1291\" height=\"1291\" src=\"https:\/\/lamarelle-asbl.be\/wp-content\/uploads\/2024\/04\/musique-modified.png\" class=\"attachment-full size-full wp-image-2528\" alt=\"\" srcset=\"https:\/\/lamarelle-asbl.be\/wp-content\/uploads\/2024\/04\/musique-modified.png 1291w, https:\/\/lamarelle-asbl.be\/wp-content\/uploads\/2024\/04\/musique-modified-300x300.png 300w, https:\/\/lamarelle-asbl.be\/wp-content\/uploads\/2024\/04\/musique-modified-1024x1024.png 1024w, https:\/\/lamarelle-asbl.be\/wp-content\/uploads\/2024\/04\/musique-modified-150x150.png 150w, https:\/\/lamarelle-asbl.be\/wp-content\/uploads\/2024\/04\/musique-modified-768x768.png 768w, https:\/\/lamarelle-asbl.be\/wp-content\/uploads\/2024\/04\/musique-modified-650x650.png 650w, https:\/\/lamarelle-asbl.be\/wp-content\/uploads\/2024\/04\/musique-modified-600x600.png 600w, https:\/\/lamarelle-asbl.be\/wp-content\/uploads\/2024\/04\/musique-modified-100x100.png 100w\" sizes=\"(max-width: 1291px) 100vw, 1291px\" \/>\t\t\t\t\t\t\t\t\t\t\t\t\t\t\t<\/div>\n\t\t\t\t<\/div>\n\t\t\t\t<div class=\"elementor-element elementor-element-558b8267 elementor-widget elementor-widget-image\" data-id=\"558b8267\" data-element_type=\"widget\" data-e-type=\"widget\" data-widget_type=\"image.default\">\n\t\t\t\t<div class=\"elementor-widget-container\">\n\t\t\t\t\t\t\t\t\t\t\t\t\t\t\t<img decoding=\"async\" width=\"3264\" height=\"3264\" src=\"https:\/\/lamarelle-asbl.be\/wp-content\/uploads\/2024\/04\/theatre-modified-1.png\" class=\"attachment-full size-full wp-image-2541\" alt=\"\" srcset=\"https:\/\/lamarelle-asbl.be\/wp-content\/uploads\/2024\/04\/theatre-modified-1.png 3264w, https:\/\/lamarelle-asbl.be\/wp-content\/uploads\/2024\/04\/theatre-modified-1-300x300.png 300w, https:\/\/lamarelle-asbl.be\/wp-content\/uploads\/2024\/04\/theatre-modified-1-1024x1024.png 1024w, https:\/\/lamarelle-asbl.be\/wp-content\/uploads\/2024\/04\/theatre-modified-1-150x150.png 150w, https:\/\/lamarelle-asbl.be\/wp-content\/uploads\/2024\/04\/theatre-modified-1-768x768.png 768w, https:\/\/lamarelle-asbl.be\/wp-content\/uploads\/2024\/04\/theatre-modified-1-1536x1536.png 1536w, https:\/\/lamarelle-asbl.be\/wp-content\/uploads\/2024\/04\/theatre-modified-1-2048x2048.png 2048w, https:\/\/lamarelle-asbl.be\/wp-content\/uploads\/2024\/04\/theatre-modified-1-650x650.png 650w, https:\/\/lamarelle-asbl.be\/wp-content\/uploads\/2024\/04\/theatre-modified-1-1300x1300.png 1300w, https:\/\/lamarelle-asbl.be\/wp-content\/uploads\/2024\/04\/theatre-modified-1-600x600.png 600w, https:\/\/lamarelle-asbl.be\/wp-content\/uploads\/2024\/04\/theatre-modified-1-100x100.png 100w\" sizes=\"(max-width: 3264px) 100vw, 3264px\" \/>\t\t\t\t\t\t\t\t\t\t\t\t\t\t\t<\/div>\n\t\t\t\t<\/div>\n\t\t\t\t\t<\/div>\n\t\t<\/div>\n\t\t\t\t<div class=\"elementor-column elementor-col-33 elementor-inner-column elementor-element elementor-element-6ecfcdaf animated-slow elementor-invisible\" data-id=\"6ecfcdaf\" data-element_type=\"column\" data-e-type=\"column\" data-settings=\"{&quot;animation&quot;:&quot;slideInDown&quot;}\">\n\t\t\t<div class=\"elementor-widget-wrap elementor-element-populated\">\n\t\t\t\t\t\t<div class=\"elementor-element elementor-element-25a74b3c elementor-widget elementor-widget-image\" data-id=\"25a74b3c\" data-element_type=\"widget\" data-e-type=\"widget\" data-widget_type=\"image.default\">\n\t\t\t\t<div class=\"elementor-widget-container\">\n\t\t\t\t\t\t\t\t\t\t\t\t\t\t\t<img decoding=\"async\" width=\"744\" height=\"744\" src=\"https:\/\/lamarelle-asbl.be\/wp-content\/uploads\/2024\/04\/multimedia-Ugo-modified-2.png\" class=\"attachment-full size-full wp-image-2537\" alt=\"\" srcset=\"https:\/\/lamarelle-asbl.be\/wp-content\/uploads\/2024\/04\/multimedia-Ugo-modified-2.png 744w, https:\/\/lamarelle-asbl.be\/wp-content\/uploads\/2024\/04\/multimedia-Ugo-modified-2-300x300.png 300w, https:\/\/lamarelle-asbl.be\/wp-content\/uploads\/2024\/04\/multimedia-Ugo-modified-2-150x150.png 150w, https:\/\/lamarelle-asbl.be\/wp-content\/uploads\/2024\/04\/multimedia-Ugo-modified-2-650x650.png 650w, https:\/\/lamarelle-asbl.be\/wp-content\/uploads\/2024\/04\/multimedia-Ugo-modified-2-600x600.png 600w, https:\/\/lamarelle-asbl.be\/wp-content\/uploads\/2024\/04\/multimedia-Ugo-modified-2-100x100.png 100w\" sizes=\"(max-width: 744px) 100vw, 744px\" \/>\t\t\t\t\t\t\t\t\t\t\t\t\t\t\t<\/div>\n\t\t\t\t<\/div>\n\t\t\t\t<div class=\"elementor-element elementor-element-67a3bb8b elementor-widget elementor-widget-image\" data-id=\"67a3bb8b\" data-element_type=\"widget\" data-e-type=\"widget\" data-widget_type=\"image.default\">\n\t\t\t\t<div class=\"elementor-widget-container\">\n\t\t\t\t\t\t\t\t\t\t\t\t\t\t\t<img decoding=\"async\" src=\"https:\/\/lamarelle-asbl.be\/wp-content\/uploads\/2024\/02\/1c7de9fd-rectangle-15.png\" title=\"\" alt=\"\" loading=\"lazy\" \/>\t\t\t\t\t\t\t\t\t\t\t\t\t\t\t<\/div>\n\t\t\t\t<\/div>\n\t\t\t\t\t<\/div>\n\t\t<\/div>\n\t\t\t\t\t<\/div>\n\t\t<\/section>\n\t\t\t\t\t<\/div>\n\t\t<\/div>\n\t\t\t\t\t<\/div>\n\t\t<\/section>\n\t\t\t\t<\/div>\n\t\t","protected":false},"excerpt":{"rendered":"<p>Activit\u00e9s d\u2019expression et communication L\u2019occasion de vivre et d\u2019exp\u00e9rimenter sa cr\u00e9ativit\u00e9 et l\u2019expression de soi \u00e0 travers le corps, le jeu, les \u00e9motions, les instruments, les histoires, les nouvelles technologies. Cr\u00e9ation au fil des saisons et des \u00e9v\u00e8nements pour aussi entretenir ses acquis et fonctions cognitives. Musique Multim\u00e9dia Th\u00e9atre Groupe de parole Expression corporelle<\/p>\n","protected":false},"author":1,"featured_media":0,"parent":0,"menu_order":0,"comment_status":"closed","ping_status":"closed","template":"elementor_header_footer","meta":{"_eb_attr":"","neve_meta_sidebar":"","neve_meta_container":"","neve_meta_enable_content_width":"","neve_meta_content_width":0,"neve_meta_title_alignment":"","neve_meta_author_avatar":"","neve_post_elements_order":"","neve_meta_disable_header":"","neve_meta_disable_footer":"","neve_meta_disable_title":"","footnotes":""},"class_list":["post-1995","page","type-page","status-publish","hentry"],"yoast_head":"<!-- This site is optimized with the Yoast SEO plugin v27.5 - https:\/\/yoast.com\/product\/yoast-seo-wordpress\/ -->\n<title>La Marelle asbl<\/title>\n<meta name=\"description\" content=\"Service d\u2019Accueil de Jour pour Adultes, agr\u00e9\u00e9 par l\u2019AViQ. Un lieu d\u2019ouverture et de partage rythm\u00e9 par la magie du vivre ensemble\" \/>\n<meta name=\"robots\" content=\"index, follow, max-snippet:-1, max-image-preview:large, max-video-preview:-1\" \/>\n<link rel=\"canonical\" href=\"https:\/\/lamarelle-asbl.be\/index.php\/activites-dexpression-et-communication\/\" \/>\n<meta property=\"og:locale\" content=\"fr_FR\" \/>\n<meta property=\"og:type\" content=\"article\" \/>\n<meta property=\"og:title\" content=\"La Marelle asbl\" \/>\n<meta property=\"og:description\" content=\"Service d\u2019Accueil de Jour pour Adultes, agr\u00e9\u00e9 par l\u2019AViQ. Un lieu d\u2019ouverture et de partage rythm\u00e9 par la magie du vivre ensemble\" \/>\n<meta property=\"og:url\" content=\"https:\/\/lamarelle-asbl.be\/index.php\/activites-dexpression-et-communication\/\" \/>\n<meta property=\"og:site_name\" content=\"La Marelle asbl\" \/>\n<meta property=\"article:modified_time\" content=\"2024-04-19T18:29:44+00:00\" \/>\n<meta property=\"og:image\" content=\"https:\/\/lamarelle-asbl.be\/wp-content\/uploads\/2024\/04\/musique-modified.png\" \/>\n<meta name=\"twitter:card\" content=\"summary_large_image\" \/>\n<script type=\"application\/ld+json\" class=\"yoast-schema-graph\">{\"@context\":\"https:\\\/\\\/schema.org\",\"@graph\":[{\"@type\":\"WebPage\",\"@id\":\"https:\\\/\\\/lamarelle-asbl.be\\\/index.php\\\/activites-dexpression-et-communication\\\/\",\"url\":\"https:\\\/\\\/lamarelle-asbl.be\\\/index.php\\\/activites-dexpression-et-communication\\\/\",\"name\":\"La Marelle asbl\",\"isPartOf\":{\"@id\":\"https:\\\/\\\/lamarelle-asbl.be\\\/#website\"},\"primaryImageOfPage\":{\"@id\":\"https:\\\/\\\/lamarelle-asbl.be\\\/index.php\\\/activites-dexpression-et-communication\\\/#primaryimage\"},\"image\":{\"@id\":\"https:\\\/\\\/lamarelle-asbl.be\\\/index.php\\\/activites-dexpression-et-communication\\\/#primaryimage\"},\"thumbnailUrl\":\"https:\\\/\\\/lamarelle-asbl.be\\\/wp-content\\\/uploads\\\/2024\\\/04\\\/musique-modified.png\",\"datePublished\":\"2024-02-02T12:16:42+00:00\",\"dateModified\":\"2024-04-19T18:29:44+00:00\",\"description\":\"Service d\u2019Accueil de Jour pour Adultes, agr\u00e9\u00e9 par l\u2019AViQ. Un lieu d\u2019ouverture et de partage rythm\u00e9 par la magie du vivre ensemble\",\"breadcrumb\":{\"@id\":\"https:\\\/\\\/lamarelle-asbl.be\\\/index.php\\\/activites-dexpression-et-communication\\\/#breadcrumb\"},\"inLanguage\":\"fr-FR\",\"potentialAction\":[{\"@type\":\"ReadAction\",\"target\":[\"https:\\\/\\\/lamarelle-asbl.be\\\/index.php\\\/activites-dexpression-et-communication\\\/\"]}]},{\"@type\":\"ImageObject\",\"inLanguage\":\"fr-FR\",\"@id\":\"https:\\\/\\\/lamarelle-asbl.be\\\/index.php\\\/activites-dexpression-et-communication\\\/#primaryimage\",\"url\":\"https:\\\/\\\/lamarelle-asbl.be\\\/wp-content\\\/uploads\\\/2024\\\/04\\\/musique-modified.png\",\"contentUrl\":\"https:\\\/\\\/lamarelle-asbl.be\\\/wp-content\\\/uploads\\\/2024\\\/04\\\/musique-modified.png\",\"width\":1291,\"height\":1291},{\"@type\":\"BreadcrumbList\",\"@id\":\"https:\\\/\\\/lamarelle-asbl.be\\\/index.php\\\/activites-dexpression-et-communication\\\/#breadcrumb\",\"itemListElement\":[{\"@type\":\"ListItem\",\"position\":1,\"name\":\"Accueil\",\"item\":\"https:\\\/\\\/lamarelle-asbl.be\\\/\"},{\"@type\":\"ListItem\",\"position\":2,\"name\":\"Activit\u00e9s d\u2019expression et communication\"}]},{\"@type\":\"WebSite\",\"@id\":\"https:\\\/\\\/lamarelle-asbl.be\\\/#website\",\"url\":\"https:\\\/\\\/lamarelle-asbl.be\\\/\",\"name\":\"La Marelle asbl\",\"description\":\"\",\"publisher\":{\"@id\":\"https:\\\/\\\/lamarelle-asbl.be\\\/#organization\"},\"potentialAction\":[{\"@type\":\"SearchAction\",\"target\":{\"@type\":\"EntryPoint\",\"urlTemplate\":\"https:\\\/\\\/lamarelle-asbl.be\\\/?s={search_term_string}\"},\"query-input\":{\"@type\":\"PropertyValueSpecification\",\"valueRequired\":true,\"valueName\":\"search_term_string\"}}],\"inLanguage\":\"fr-FR\"},{\"@type\":\"Organization\",\"@id\":\"https:\\\/\\\/lamarelle-asbl.be\\\/#organization\",\"name\":\"La Marelle ASBL\",\"url\":\"https:\\\/\\\/lamarelle-asbl.be\\\/\",\"logo\":{\"@type\":\"ImageObject\",\"inLanguage\":\"fr-FR\",\"@id\":\"https:\\\/\\\/lamarelle-asbl.be\\\/#\\\/schema\\\/logo\\\/image\\\/\",\"url\":\"https:\\\/\\\/lamarelle-asbl.be\\\/wp-content\\\/uploads\\\/2023\\\/07\\\/cropped-thumbnail_image006-e1689881175907.png\",\"contentUrl\":\"https:\\\/\\\/lamarelle-asbl.be\\\/wp-content\\\/uploads\\\/2023\\\/07\\\/cropped-thumbnail_image006-e1689881175907.png\",\"width\":392,\"height\":246,\"caption\":\"La Marelle ASBL\"},\"image\":{\"@id\":\"https:\\\/\\\/lamarelle-asbl.be\\\/#\\\/schema\\\/logo\\\/image\\\/\"}}]}<\/script>\n<!-- \/ Yoast SEO plugin. -->","yoast_head_json":{"title":"La Marelle asbl","description":"Service d\u2019Accueil de Jour pour Adultes, agr\u00e9\u00e9 par l\u2019AViQ. Un lieu d\u2019ouverture et de partage rythm\u00e9 par la magie du vivre ensemble","robots":{"index":"index","follow":"follow","max-snippet":"max-snippet:-1","max-image-preview":"max-image-preview:large","max-video-preview":"max-video-preview:-1"},"canonical":"https:\/\/lamarelle-asbl.be\/index.php\/activites-dexpression-et-communication\/","og_locale":"fr_FR","og_type":"article","og_title":"La Marelle asbl","og_description":"Service d\u2019Accueil de Jour pour Adultes, agr\u00e9\u00e9 par l\u2019AViQ. Un lieu d\u2019ouverture et de partage rythm\u00e9 par la magie du vivre ensemble","og_url":"https:\/\/lamarelle-asbl.be\/index.php\/activites-dexpression-et-communication\/","og_site_name":"La Marelle asbl","article_modified_time":"2024-04-19T18:29:44+00:00","og_image":[{"url":"https:\/\/lamarelle-asbl.be\/wp-content\/uploads\/2024\/04\/musique-modified.png","type":"","width":"","height":""}],"twitter_card":"summary_large_image","schema":{"@context":"https:\/\/schema.org","@graph":[{"@type":"WebPage","@id":"https:\/\/lamarelle-asbl.be\/index.php\/activites-dexpression-et-communication\/","url":"https:\/\/lamarelle-asbl.be\/index.php\/activites-dexpression-et-communication\/","name":"La Marelle asbl","isPartOf":{"@id":"https:\/\/lamarelle-asbl.be\/#website"},"primaryImageOfPage":{"@id":"https:\/\/lamarelle-asbl.be\/index.php\/activites-dexpression-et-communication\/#primaryimage"},"image":{"@id":"https:\/\/lamarelle-asbl.be\/index.php\/activites-dexpression-et-communication\/#primaryimage"},"thumbnailUrl":"https:\/\/lamarelle-asbl.be\/wp-content\/uploads\/2024\/04\/musique-modified.png","datePublished":"2024-02-02T12:16:42+00:00","dateModified":"2024-04-19T18:29:44+00:00","description":"Service d\u2019Accueil de Jour pour Adultes, agr\u00e9\u00e9 par l\u2019AViQ. Un lieu d\u2019ouverture et de partage rythm\u00e9 par la magie du vivre ensemble","breadcrumb":{"@id":"https:\/\/lamarelle-asbl.be\/index.php\/activites-dexpression-et-communication\/#breadcrumb"},"inLanguage":"fr-FR","potentialAction":[{"@type":"ReadAction","target":["https:\/\/lamarelle-asbl.be\/index.php\/activites-dexpression-et-communication\/"]}]},{"@type":"ImageObject","inLanguage":"fr-FR","@id":"https:\/\/lamarelle-asbl.be\/index.php\/activites-dexpression-et-communication\/#primaryimage","url":"https:\/\/lamarelle-asbl.be\/wp-content\/uploads\/2024\/04\/musique-modified.png","contentUrl":"https:\/\/lamarelle-asbl.be\/wp-content\/uploads\/2024\/04\/musique-modified.png","width":1291,"height":1291},{"@type":"BreadcrumbList","@id":"https:\/\/lamarelle-asbl.be\/index.php\/activites-dexpression-et-communication\/#breadcrumb","itemListElement":[{"@type":"ListItem","position":1,"name":"Accueil","item":"https:\/\/lamarelle-asbl.be\/"},{"@type":"ListItem","position":2,"name":"Activit\u00e9s d\u2019expression et communication"}]},{"@type":"WebSite","@id":"https:\/\/lamarelle-asbl.be\/#website","url":"https:\/\/lamarelle-asbl.be\/","name":"La Marelle asbl","description":"","publisher":{"@id":"https:\/\/lamarelle-asbl.be\/#organization"},"potentialAction":[{"@type":"SearchAction","target":{"@type":"EntryPoint","urlTemplate":"https:\/\/lamarelle-asbl.be\/?s={search_term_string}"},"query-input":{"@type":"PropertyValueSpecification","valueRequired":true,"valueName":"search_term_string"}}],"inLanguage":"fr-FR"},{"@type":"Organization","@id":"https:\/\/lamarelle-asbl.be\/#organization","name":"La Marelle ASBL","url":"https:\/\/lamarelle-asbl.be\/","logo":{"@type":"ImageObject","inLanguage":"fr-FR","@id":"https:\/\/lamarelle-asbl.be\/#\/schema\/logo\/image\/","url":"https:\/\/lamarelle-asbl.be\/wp-content\/uploads\/2023\/07\/cropped-thumbnail_image006-e1689881175907.png","contentUrl":"https:\/\/lamarelle-asbl.be\/wp-content\/uploads\/2023\/07\/cropped-thumbnail_image006-e1689881175907.png","width":392,"height":246,"caption":"La Marelle ASBL"},"image":{"@id":"https:\/\/lamarelle-asbl.be\/#\/schema\/logo\/image\/"}}]}},"_links":{"self":[{"href":"https:\/\/lamarelle-asbl.be\/index.php\/wp-json\/wp\/v2\/pages\/1995","targetHints":{"allow":["GET"]}}],"collection":[{"href":"https:\/\/lamarelle-asbl.be\/index.php\/wp-json\/wp\/v2\/pages"}],"about":[{"href":"https:\/\/lamarelle-asbl.be\/index.php\/wp-json\/wp\/v2\/types\/page"}],"author":[{"embeddable":true,"href":"https:\/\/lamarelle-asbl.be\/index.php\/wp-json\/wp\/v2\/users\/1"}],"replies":[{"embeddable":true,"href":"https:\/\/lamarelle-asbl.be\/index.php\/wp-json\/wp\/v2\/comments?post=1995"}],"version-history":[{"count":28,"href":"https:\/\/lamarelle-asbl.be\/index.php\/wp-json\/wp\/v2\/pages\/1995\/revisions"}],"predecessor-version":[{"id":2758,"href":"https:\/\/lamarelle-asbl.be\/index.php\/wp-json\/wp\/v2\/pages\/1995\/revisions\/2758"}],"wp:attachment":[{"href":"https:\/\/lamarelle-asbl.be\/index.php\/wp-json\/wp\/v2\/media?parent=1995"}],"curies":[{"name":"wp","href":"https:\/\/api.w.org\/{rel}","templated":true}]}}